{"id":2355,"date":"2025-10-07T07:24:15","date_gmt":"2025-10-07T07:24:15","guid":{"rendered":"https:\/\/www.theapaafrica.org\/boite-a-outils-de-mise-en-oeuvre\/"},"modified":"2026-01-23T09:37:15","modified_gmt":"2026-01-23T09:37:15","slug":"boite-a-outils-de-mise-en-oeuvre","status":"publish","type":"page","link":"https:\/\/www.theapaafrica.org\/fr\/boite-a-outils-de-mise-en-oeuvre\/","title":{"rendered":"Bo\u00eete \u00e0 outils de mise en \u0153uvre"},"content":{"rendered":"\t\t<div data-elementor-type=\"wp-page\" data-elementor-id=\"2355\" class=\"elementor elementor-2355 elementor-2230\" data-elementor-post-type=\"page\">\n\t\t\t\t<div class=\"elementor-element elementor-element-d7d8495 e-flex e-con-boxed e-con e-parent\" data-id=\"d7d8495\" data-element_type=\"container\" data-e-type=\"container\" data-settings=\"{&quot;background_background&quot;:&quot;classic&quot;}\">\n\t\t\t\t\t<div class=\"e-con-inner\">\n\t\t\t\t<div class=\"elementor-element elementor-element-3bdf4a2 elementor-widget elementor-widget-heading\" data-id=\"3bdf4a2\" data-element_type=\"widget\" data-e-type=\"widget\" data-widget_type=\"heading.default\">\n\t\t\t\t\t<h2 class=\"elementor-heading-title elementor-size-default\">Bo\u00eete \u00e0 outils de mise en \u0153uvre de l'APA<\/h2>\t\t\t\t<\/div>\n\t\t<div class=\"elementor-element elementor-element-bd661a3 e-flex e-con-boxed e-con e-child\" data-id=\"bd661a3\" data-element_type=\"container\" data-e-type=\"container\">\n\t\t\t\t\t<div class=\"e-con-inner\">\n\t\t\t\t<div class=\"elementor-element elementor-element-784ab92 elementor-widget elementor-widget-text-editor\" data-id=\"784ab92\" data-element_type=\"widget\" data-e-type=\"widget\" data-widget_type=\"text-editor.default\">\n\t\t\t\t\t\t\t\t\t<p>Votre plateforme centrale de ressources pratiques pour adopter et op\u00e9rationnaliser le cadre APA au sein de votre organisation.<\/p>\t\t\t\t\t\t\t\t<\/div>\n\t\t\t\t\t<\/div>\n\t\t\t\t<\/div>\n\t\t<div class=\"elementor-element elementor-element-e825213 e-grid e-con-full e-con e-child\" data-id=\"e825213\" data-element_type=\"container\" data-e-type=\"container\">\n\t\t\t\t<div class=\"elementor-element elementor-element-29c04e4 elementor-view-stacked elementor-shape-rounded elementor-position-inline-start elementor-tablet-position-block-start elementor-mobile-position-block-start elementor-widget elementor-widget-icon-box\" data-id=\"29c04e4\" data-element_type=\"widget\" data-e-type=\"widget\" data-widget_type=\"icon-box.default\">\n\t\t\t\t\t\t\t<div class=\"elementor-icon-box-wrapper\">\n\n\t\t\t\t\t\t<div class=\"elementor-icon-box-icon\">\n\t\t\t\t<a href=\"https:\/\/www.theapaafrica.org\/fr\/cadre-app\/\" class=\"elementor-icon\" tabindex=\"-1\" aria-label=\"Guide interactif\">\n\t\t\t\t<svg aria-hidden=\"true\" class=\"e-font-icon-svg e-fas-shield-virus\" viewBox=\"0 0 512 512\" xmlns=\"http:\/\/www.w3.org\/2000\/svg\"><path d=\"M224,192a16,16,0,1,0,16,16A16,16,0,0,0,224,192ZM466.5,83.68l-192-80A57.4,57.4,0,0,0,256.05,0a57.4,57.4,0,0,0-18.46,3.67l-192,80A47.93,47.93,0,0,0,16,128C16,326.5,130.5,463.72,237.5,508.32a48.09,48.09,0,0,0,36.91,0C360.09,472.61,496,349.3,496,128A48,48,0,0,0,466.5,83.68ZM384,256H371.88c-28.51,0-42.79,34.47-22.63,54.63l8.58,8.57a16,16,0,1,1-22.63,22.63l-8.57-8.58C306.47,313.09,272,327.37,272,355.88V368a16,16,0,0,1-32,0V355.88c0-28.51-34.47-42.79-54.63-22.63l-8.57,8.58a16,16,0,0,1-22.63-22.63l8.58-8.57c20.16-20.16,5.88-54.63-22.63-54.63H128a16,16,0,0,1,0-32h12.12c28.51,0,42.79-34.47,22.63-54.63l-8.58-8.57a16,16,0,0,1,22.63-22.63l8.57,8.58c20.16,20.16,54.63,5.88,54.63-22.63V112a16,16,0,0,1,32,0v12.12c0,28.51,34.47,42.79,54.63,22.63l8.57-8.58a16,16,0,0,1,22.63,22.63l-8.58,8.57C329.09,189.53,343.37,224,371.88,224H384a16,16,0,0,1,0,32Zm-96,0a16,16,0,1,0,16,16A16,16,0,0,0,288,256Z\"><\/path><\/svg>\t\t\t\t<\/a>\n\t\t\t<\/div>\n\t\t\t\n\t\t\t\t\t\t<div class=\"elementor-icon-box-content\">\n\n\t\t\t\t\t\t\t\t\t<h3 class=\"elementor-icon-box-title\">\n\t\t\t\t\t\t<a href=\"https:\/\/www.theapaafrica.org\/fr\/cadre-app\/\" >\n\t\t\t\t\t\t\tGuide interactif\t\t\t\t\t\t<\/a>\n\t\t\t\t\t<\/h3>\n\t\t\t\t\n\t\t\t\t\t\t\t\t\t<p class=\"elementor-icon-box-description\">\n\t\t\t\t\t\tUtilisez notre guide interactif pour commencer \u00e0 \u00e9laborer la strat\u00e9gie APA unique de votre organisation.\t\t\t\t\t<\/p>\n\t\t\t\t\n\t\t\t<\/div>\n\t\t\t\n\t\t<\/div>\n\t\t\t\t\t\t<\/div>\n\t\t\t\t<div class=\"elementor-element elementor-element-0018e07 elementor-view-stacked elementor-shape-rounded elementor-position-inline-start elementor-tablet-position-block-start elementor-mobile-position-block-start elementor-widget elementor-widget-icon-box\" data-id=\"0018e07\" data-element_type=\"widget\" data-e-type=\"widget\" data-widget_type=\"icon-box.default\">\n\t\t\t\t\t\t\t<div class=\"elementor-icon-box-wrapper\">\n\n\t\t\t\t\t\t<div class=\"elementor-icon-box-icon\">\n\t\t\t\t<a href=\"https:\/\/www.theapaafrica.org\/fr\/glossaire-du-cadre\/\" class=\"elementor-icon\" tabindex=\"-1\" aria-label=\"Glossaire du cadre\">\n\t\t\t\t<svg aria-hidden=\"true\" class=\"e-font-icon-svg e-fas-book-open\" viewBox=\"0 0 576 512\" xmlns=\"http:\/\/www.w3.org\/2000\/svg\"><path d=\"M542.22 32.05c-54.8 3.11-163.72 14.43-230.96 55.59-4.64 2.84-7.27 7.89-7.27 13.17v363.87c0 11.55 12.63 18.85 23.28 13.49 69.18-34.82 169.23-44.32 218.7-46.92 16.89-.89 30.02-14.43 30.02-30.66V62.75c.01-17.71-15.35-31.74-33.77-30.7zM264.73 87.64C197.5 46.48 88.58 35.17 33.78 32.05 15.36 31.01 0 45.04 0 62.75V400.6c0 16.24 13.13 29.78 30.02 30.66 49.49 2.6 149.59 12.11 218.77 46.95 10.62 5.35 23.21-1.94 23.21-13.46V100.63c0-5.29-2.62-10.14-7.27-12.99z\"><\/path><\/svg>\t\t\t\t<\/a>\n\t\t\t<\/div>\n\t\t\t\n\t\t\t\t\t\t<div class=\"elementor-icon-box-content\">\n\n\t\t\t\t\t\t\t\t\t<h3 class=\"elementor-icon-box-title\">\n\t\t\t\t\t\t<a href=\"https:\/\/www.theapaafrica.org\/fr\/glossaire-du-cadre\/\" >\n\t\t\t\t\t\t\tGlossaire du cadre\t\t\t\t\t\t<\/a>\n\t\t\t\t\t<\/h3>\n\t\t\t\t\n\t\t\t\t\t\t\t\t\t<p class=\"elementor-icon-box-description\">\n\t\t\t\t\t\tExplorez les d\u00e9finitions de tous les termes, concepts et outils cl\u00e9s du cadre APA.\t\t\t\t\t<\/p>\n\t\t\t\t\n\t\t\t<\/div>\n\t\t\t\n\t\t<\/div>\n\t\t\t\t\t\t<\/div>\n\t\t\t\t<div class=\"elementor-element elementor-element-674d6c4 elementor-view-stacked elementor-shape-rounded elementor-position-inline-start elementor-tablet-position-block-start elementor-mobile-position-block-start elementor-widget elementor-widget-icon-box\" data-id=\"674d6c4\" data-element_type=\"widget\" data-e-type=\"widget\" data-widget_type=\"icon-box.default\">\n\t\t\t\t\t\t\t<div class=\"elementor-icon-box-wrapper\">\n\n\t\t\t\t\t\t<div class=\"elementor-icon-box-icon\">\n\t\t\t\t<a href=\"https:\/\/www.theapaafrica.org\/fr\/outils-interactifs\/\" class=\"elementor-icon\" tabindex=\"-1\" aria-label=\"Outils et mod\u00e8les interactifs\">\n\t\t\t\t<svg aria-hidden=\"true\" class=\"e-font-icon-svg e-fas-dragon\" viewBox=\"0 0 640 512\" xmlns=\"http:\/\/www.w3.org\/2000\/svg\"><path d=\"M18.32 255.78L192 223.96l-91.28 68.69c-10.08 10.08-2.94 27.31 11.31 27.31h222.7c-9.44-26.4-14.73-54.47-14.73-83.38v-42.27l-119.73-87.6c-23.82-15.88-55.29-14.01-77.06 4.59L5.81 227.64c-12.38 10.33-3.45 30.42 12.51 28.14zm556.87 34.1l-100.66-50.31A47.992 47.992 0 0 1 448 196.65v-36.69h64l28.09 22.63c6 6 14.14 9.37 22.63 9.37h30.97a32 32 0 0 0 28.62-17.69l14.31-28.62a32.005 32.005 0 0 0-3.02-33.51l-74.53-99.38C553.02 4.7 543.54 0 533.47 0H296.02c-7.13 0-10.7 8.57-5.66 13.61L352 63.96 292.42 88.8c-5.9 2.95-5.9 11.36 0 14.31L352 127.96v108.62c0 72.08 36.03 139.39 96 179.38-195.59 6.81-344.56 41.01-434.1 60.91C5.78 478.67 0 485.88 0 494.2 0 504 7.95 512 17.76 512h499.08c63.29.01 119.61-47.56 122.99-110.76 2.52-47.28-22.73-90.4-64.64-111.36zM489.18 66.25l45.65 11.41c-2.75 10.91-12.47 18.89-24.13 18.26-12.96-.71-25.85-12.53-21.52-29.67z\"><\/path><\/svg>\t\t\t\t<\/a>\n\t\t\t<\/div>\n\t\t\t\n\t\t\t\t\t\t<div class=\"elementor-icon-box-content\">\n\n\t\t\t\t\t\t\t\t\t<h3 class=\"elementor-icon-box-title\">\n\t\t\t\t\t\t<a href=\"https:\/\/www.theapaafrica.org\/fr\/outils-interactifs\/\" >\n\t\t\t\t\t\t\tOutils et mod\u00e8les interactifs\t\t\t\t\t\t<\/a>\n\t\t\t\t\t<\/h3>\n\t\t\t\t\n\t\t\t\t\t\t\t\t\t<p class=\"elementor-icon-box-description\">\n\t\t\t\t\t\tEngagez-vous directement avec le cadre APA en utilisant nos nouveaux formulaires en ligne et nos mod\u00e8les t\u00e9l\u00e9chargeables.\t\t\t\t\t<\/p>\n\t\t\t\t\n\t\t\t<\/div>\n\t\t\t\n\t\t<\/div>\n\t\t\t\t\t\t<\/div>\n\t\t\t\t<\/div>\n\t\t\t\t\t<\/div>\n\t\t\t\t<\/div>\n\t\t\t\t<\/div>\n\t\t","protected":false},"excerpt":{"rendered":"<p>Bo\u00eete \u00e0 outils de mise en \u0153uvre de l&rsquo;APA Votre plateforme centrale de ressources pratiques pour adopter et op\u00e9rationnaliser le cadre APA au sein de votre organisation. Guide interactif Utilisez notre guide interactif pour commencer \u00e0 \u00e9laborer la strat\u00e9gie APA unique de votre organisation. Glossaire du cadre Explorez les d\u00e9finitions de tous les termes, concepts [&hellip;]<\/p>\n","protected":false},"author":2,"featured_media":0,"parent":0,"menu_order":0,"comment_status":"closed","ping_status":"closed","template":"","meta":{"site-sidebar-layout":"no-sidebar","site-content-layout":"page-builder","ast-site-content-layout":"full-width-container","site-content-style":"default","site-sidebar-style":"default","ast-global-header-display":"","ast-banner-title-visibility":"","ast-main-header-display":"","ast-hfb-above-header-display":"","ast-hfb-below-header-display":"","ast-hfb-mobile-header-display":"","site-post-title":"","ast-breadcrumbs-content":"","ast-featured-img":"disabled","footer-sml-layout":"","ast-disable-related-posts":"","theme-transparent-header-meta":"","adv-header-id-meta":"","stick-header-meta":"","header-above-stick-meta":"","header-main-stick-meta":"","header-below-stick-meta":"","astra-migrate-meta-layouts":"default","ast-page-background-enabled":"default","ast-page-background-meta":{"desktop":{"background-color":"","background-image":"","background-repeat":"repeat","background-position":"center center","background-size":"auto","background-attachment":"scroll","background-type":"","background-media":"","overlay-type":"","overlay-color":"","overlay-opacity":"","overlay-gradient":""},"tablet":{"background-color":"","background-image":"","background-repeat":"repeat","background-position":"center center","background-size":"auto","background-attachment":"scroll","background-type":"","background-media":"","overlay-type":"","overlay-color":"","overlay-opacity":"","overlay-gradient":""},"mobile":{"background-color":"","background-image":"","background-repeat":"repeat","background-position":"center center","background-size":"auto","background-attachment":"scroll","background-type":"","background-media":"","overlay-type":"","overlay-color":"","overlay-opacity":"","overlay-gradient":""}},"ast-content-background-meta":{"desktop":{"background-color":"var(--ast-global-color-5)","background-image":"","background-repeat":"repeat","background-position":"center center","background-size":"auto","background-attachment":"scroll","background-type":"","background-media":"","overlay-type":"","overlay-color":"","overlay-opacity":"","overlay-gradient":""},"tablet":{"background-color":"var(--ast-global-color-5)","background-image":"","background-repeat":"repeat","background-position":"center center","background-size":"auto","background-attachment":"scroll","background-type":"","background-media":"","overlay-type":"","overlay-color":"","overlay-opacity":"","overlay-gradient":""},"mobile":{"background-color":"var(--ast-global-color-5)","background-image":"","background-repeat":"repeat","background-position":"center center","background-size":"auto","background-attachment":"scroll","background-type":"","background-media":"","overlay-type":"","overlay-color":"","overlay-opacity":"","overlay-gradient":""}},"footnotes":""},"class_list":["post-2355","page","type-page","status-publish","hentry"],"yoast_head":"<!-- This site is optimized with the Yoast SEO plugin v27.3 - https:\/\/yoast.com\/product\/yoast-seo-wordpress\/ -->\n<title>Bo\u00eete \u00e0 outils de mise en \u0153uvre - Les partenaires responsables de l&#039;Afrique<\/title>\n<meta name=\"description\" content=\"Les partenaires responsables de l&#039;Afrique - The Pan-African Implementing Agency Building Trust, Accountability, and Impact.\" \/>\n<meta name=\"robots\" content=\"index, follow, max-snippet:-1, max-image-preview:large, max-video-preview:-1\" \/>\n<link rel=\"canonical\" href=\"https:\/\/www.theapaafrica.org\/fr\/boite-a-outils-de-mise-en-oeuvre\/\" \/>\n<meta property=\"og:locale\" content=\"fr_FR\" \/>\n<meta property=\"og:type\" content=\"article\" \/>\n<meta property=\"og:title\" content=\"Bo\u00eete \u00e0 outils de mise en \u0153uvre - Les partenaires responsables de l&#039;Afrique\" \/>\n<meta property=\"og:description\" content=\"Les partenaires responsables de l&#039;Afrique - The Pan-African Implementing Agency Building Trust, Accountability, and Impact.\" \/>\n<meta property=\"og:url\" content=\"https:\/\/www.theapaafrica.org\/fr\/boite-a-outils-de-mise-en-oeuvre\/\" \/>\n<meta property=\"og:site_name\" content=\"Les partenaires responsables de l&#039;Afrique\" \/>\n<meta property=\"article:modified_time\" content=\"2026-01-23T09:37:15+00:00\" \/>\n<meta property=\"og:image\" content=\"https:\/\/www.theapaafrica.org\/wp-content\/uploads\/1APA-300x100-1.jpg\" \/>\n\t<meta property=\"og:image:width\" content=\"129\" \/>\n\t<meta property=\"og:image:height\" content=\"70\" \/>\n\t<meta property=\"og:image:type\" content=\"image\/jpeg\" \/>\n<meta name=\"twitter:card\" content=\"summary_large_image\" \/>\n<meta name=\"twitter:site\" content=\"@apaafrica\" \/>\n<script type=\"application\/ld+json\" class=\"yoast-schema-graph\">{\"@context\":\"https:\\\/\\\/schema.org\",\"@graph\":[{\"@type\":\"WebPage\",\"@id\":\"https:\\\/\\\/www.theapaafrica.org\\\/fr\\\/boite-a-outils-de-mise-en-oeuvre\\\/\",\"url\":\"https:\\\/\\\/www.theapaafrica.org\\\/fr\\\/boite-a-outils-de-mise-en-oeuvre\\\/\",\"name\":\"Bo\u00eete \u00e0 outils de mise en \u0153uvre - Les partenaires responsables de l'Afrique\",\"isPartOf\":{\"@id\":\"https:\\\/\\\/www.theapaafrica.org\\\/fr\\\/#website\"},\"datePublished\":\"2025-10-07T07:24:15+00:00\",\"dateModified\":\"2026-01-23T09:37:15+00:00\",\"description\":\"Les partenaires responsables de l'Afrique - The Pan-African Implementing Agency Building Trust, Accountability, and Impact.\",\"breadcrumb\":{\"@id\":\"https:\\\/\\\/www.theapaafrica.org\\\/fr\\\/boite-a-outils-de-mise-en-oeuvre\\\/#breadcrumb\"},\"inLanguage\":\"fr-FR\",\"potentialAction\":[{\"@type\":\"ReadAction\",\"target\":[\"https:\\\/\\\/www.theapaafrica.org\\\/fr\\\/boite-a-outils-de-mise-en-oeuvre\\\/\"]}]},{\"@type\":\"BreadcrumbList\",\"@id\":\"https:\\\/\\\/www.theapaafrica.org\\\/fr\\\/boite-a-outils-de-mise-en-oeuvre\\\/#breadcrumb\",\"itemListElement\":[{\"@type\":\"ListItem\",\"position\":1,\"name\":\"Home\",\"item\":\"https:\\\/\\\/www.theapaafrica.org\\\/fr\\\/accueil-du-pole-numerique\\\/\"},{\"@type\":\"ListItem\",\"position\":2,\"name\":\"Bo\u00eete \u00e0 outils de mise en \u0153uvre\"}]},{\"@type\":\"WebSite\",\"@id\":\"https:\\\/\\\/www.theapaafrica.org\\\/fr\\\/#website\",\"url\":\"https:\\\/\\\/www.theapaafrica.org\\\/fr\\\/\",\"name\":\"The Accountable Partners for Africa\",\"description\":\"Instaurer la confiance, la responsabilit\u00e9 et l'impact\",\"publisher\":{\"@id\":\"https:\\\/\\\/www.theapaafrica.org\\\/fr\\\/#organization\"},\"potentialAction\":[{\"@type\":\"SearchAction\",\"target\":{\"@type\":\"EntryPoint\",\"urlTemplate\":\"https:\\\/\\\/www.theapaafrica.org\\\/fr\\\/?s={search_term_string}\"},\"query-input\":{\"@type\":\"PropertyValueSpecification\",\"valueRequired\":true,\"valueName\":\"search_term_string\"}}],\"inLanguage\":\"fr-FR\"},{\"@type\":\"Organization\",\"@id\":\"https:\\\/\\\/www.theapaafrica.org\\\/fr\\\/#organization\",\"name\":\"The Accountable Partners for Africa\",\"url\":\"https:\\\/\\\/www.theapaafrica.org\\\/fr\\\/\",\"logo\":{\"@type\":\"ImageObject\",\"inLanguage\":\"fr-FR\",\"@id\":\"https:\\\/\\\/www.theapaafrica.org\\\/fr\\\/#\\\/schema\\\/logo\\\/image\\\/\",\"url\":\"https:\\\/\\\/www.theapaafrica.org\\\/wp-content\\\/uploads\\\/APA-logo-300x71-2.png\",\"contentUrl\":\"https:\\\/\\\/www.theapaafrica.org\\\/wp-content\\\/uploads\\\/APA-logo-300x71-2.png\",\"width\":300,\"height\":71,\"caption\":\"The Accountable Partners for Africa\"},\"image\":{\"@id\":\"https:\\\/\\\/www.theapaafrica.org\\\/fr\\\/#\\\/schema\\\/logo\\\/image\\\/\"},\"sameAs\":[\"https:\\\/\\\/x.com\\\/apaafrica\",\"https:\\\/\\\/www.linkedin.com\\\/in\\\/accountable-partnerships-for-africa-apa-ab5831350\\\/\",\"https:\\\/\\\/www.instagram.com\\\/apaafrica?igsh=bTJ6cm9qMm1oYmtp&utm_source=qr\"]}]}<\/script>\n<!-- \/ Yoast SEO plugin. -->","yoast_head_json":{"title":"Bo\u00eete \u00e0 outils de mise en \u0153uvre - Les partenaires responsables de l'Afrique","description":"Les partenaires responsables de l'Afrique - The Pan-African Implementing Agency Building Trust, Accountability, and Impact.","robots":{"index":"index","follow":"follow","max-snippet":"max-snippet:-1","max-image-preview":"max-image-preview:large","max-video-preview":"max-video-preview:-1"},"canonical":"https:\/\/www.theapaafrica.org\/fr\/boite-a-outils-de-mise-en-oeuvre\/","og_locale":"fr_FR","og_type":"article","og_title":"Bo\u00eete \u00e0 outils de mise en \u0153uvre - Les partenaires responsables de l'Afrique","og_description":"Les partenaires responsables de l'Afrique - The Pan-African Implementing Agency Building Trust, Accountability, and Impact.","og_url":"https:\/\/www.theapaafrica.org\/fr\/boite-a-outils-de-mise-en-oeuvre\/","og_site_name":"Les partenaires responsables de l'Afrique","article_modified_time":"2026-01-23T09:37:15+00:00","og_image":[{"width":129,"height":70,"url":"https:\/\/www.theapaafrica.org\/wp-content\/uploads\/1APA-300x100-1.jpg","type":"image\/jpeg"}],"twitter_card":"summary_large_image","twitter_site":"@apaafrica","schema":{"@context":"https:\/\/schema.org","@graph":[{"@type":"WebPage","@id":"https:\/\/www.theapaafrica.org\/fr\/boite-a-outils-de-mise-en-oeuvre\/","url":"https:\/\/www.theapaafrica.org\/fr\/boite-a-outils-de-mise-en-oeuvre\/","name":"Bo\u00eete \u00e0 outils de mise en \u0153uvre - Les partenaires responsables de l'Afrique","isPartOf":{"@id":"https:\/\/www.theapaafrica.org\/fr\/#website"},"datePublished":"2025-10-07T07:24:15+00:00","dateModified":"2026-01-23T09:37:15+00:00","description":"Les partenaires responsables de l'Afrique - The Pan-African Implementing Agency Building Trust, Accountability, and Impact.","breadcrumb":{"@id":"https:\/\/www.theapaafrica.org\/fr\/boite-a-outils-de-mise-en-oeuvre\/#breadcrumb"},"inLanguage":"fr-FR","potentialAction":[{"@type":"ReadAction","target":["https:\/\/www.theapaafrica.org\/fr\/boite-a-outils-de-mise-en-oeuvre\/"]}]},{"@type":"BreadcrumbList","@id":"https:\/\/www.theapaafrica.org\/fr\/boite-a-outils-de-mise-en-oeuvre\/#breadcrumb","itemListElement":[{"@type":"ListItem","position":1,"name":"Home","item":"https:\/\/www.theapaafrica.org\/fr\/accueil-du-pole-numerique\/"},{"@type":"ListItem","position":2,"name":"Bo\u00eete \u00e0 outils de mise en \u0153uvre"}]},{"@type":"WebSite","@id":"https:\/\/www.theapaafrica.org\/fr\/#website","url":"https:\/\/www.theapaafrica.org\/fr\/","name":"The Accountable Partners for Africa","description":"Instaurer la confiance, la responsabilit\u00e9 et l'impact","publisher":{"@id":"https:\/\/www.theapaafrica.org\/fr\/#organization"},"potentialAction":[{"@type":"SearchAction","target":{"@type":"EntryPoint","urlTemplate":"https:\/\/www.theapaafrica.org\/fr\/?s={search_term_string}"},"query-input":{"@type":"PropertyValueSpecification","valueRequired":true,"valueName":"search_term_string"}}],"inLanguage":"fr-FR"},{"@type":"Organization","@id":"https:\/\/www.theapaafrica.org\/fr\/#organization","name":"The Accountable Partners for Africa","url":"https:\/\/www.theapaafrica.org\/fr\/","logo":{"@type":"ImageObject","inLanguage":"fr-FR","@id":"https:\/\/www.theapaafrica.org\/fr\/#\/schema\/logo\/image\/","url":"https:\/\/www.theapaafrica.org\/wp-content\/uploads\/APA-logo-300x71-2.png","contentUrl":"https:\/\/www.theapaafrica.org\/wp-content\/uploads\/APA-logo-300x71-2.png","width":300,"height":71,"caption":"The Accountable Partners for Africa"},"image":{"@id":"https:\/\/www.theapaafrica.org\/fr\/#\/schema\/logo\/image\/"},"sameAs":["https:\/\/x.com\/apaafrica","https:\/\/www.linkedin.com\/in\/accountable-partnerships-for-africa-apa-ab5831350\/","https:\/\/www.instagram.com\/apaafrica?igsh=bTJ6cm9qMm1oYmtp&utm_source=qr"]}]}},"_links":{"self":[{"href":"https:\/\/www.theapaafrica.org\/fr\/wp-json\/wp\/v2\/pages\/2355","targetHints":{"allow":["GET"]}}],"collection":[{"href":"https:\/\/www.theapaafrica.org\/fr\/wp-json\/wp\/v2\/pages"}],"about":[{"href":"https:\/\/www.theapaafrica.org\/fr\/wp-json\/wp\/v2\/types\/page"}],"author":[{"embeddable":true,"href":"https:\/\/www.theapaafrica.org\/fr\/wp-json\/wp\/v2\/users\/2"}],"replies":[{"embeddable":true,"href":"https:\/\/www.theapaafrica.org\/fr\/wp-json\/wp\/v2\/comments?post=2355"}],"version-history":[{"count":13,"href":"https:\/\/www.theapaafrica.org\/fr\/wp-json\/wp\/v2\/pages\/2355\/revisions"}],"predecessor-version":[{"id":6508,"href":"https:\/\/www.theapaafrica.org\/fr\/wp-json\/wp\/v2\/pages\/2355\/revisions\/6508"}],"wp:attachment":[{"href":"https:\/\/www.theapaafrica.org\/fr\/wp-json\/wp\/v2\/media?parent=2355"}],"curies":[{"name":"wp","href":"https:\/\/api.w.org\/{rel}","templated":true}]}}