{"id":2345,"date":"2025-10-07T07:37:21","date_gmt":"2025-10-07T07:37:21","guid":{"rendered":"https:\/\/www.theapaafrica.org\/sinscrire\/"},"modified":"2025-11-17T05:23:48","modified_gmt":"2025-11-17T05:23:48","slug":"sinscrire","status":"publish","type":"page","link":"https:\/\/www.theapaafrica.org\/fr\/sinscrire\/","title":{"rendered":"S&rsquo;inscrire"},"content":{"rendered":"\t\t<div data-elementor-type=\"wp-page\" data-elementor-id=\"2345\" class=\"elementor elementor-2345 elementor-2233\" data-elementor-post-type=\"page\">\n\t\t\t\t<div class=\"elementor-element elementor-element-b887b24 e-flex e-con-boxed e-con e-parent\" data-id=\"b887b24\" data-element_type=\"container\" data-e-type=\"container\" data-settings=\"{&quot;background_background&quot;:&quot;classic&quot;}\">\n\t\t\t\t\t<div class=\"e-con-inner\">\n\t\t<div class=\"elementor-element elementor-element-938776d e-con-full e-flex e-con e-child\" data-id=\"938776d\" data-element_type=\"container\" data-e-type=\"container\">\n\t\t<div class=\"elementor-element elementor-element-433f3cd e-grid e-con-full e-con e-child\" data-id=\"433f3cd\" data-element_type=\"container\" data-e-type=\"container\">\n\t\t<div class=\"elementor-element elementor-element-49ffbf3 e-con-full elementor-hidden-tablet elementor-hidden-mobile e-flex e-con e-child\" data-id=\"49ffbf3\" data-element_type=\"container\" data-e-type=\"container\" data-settings=\"{&quot;background_background&quot;:&quot;classic&quot;}\">\n\t\t\t\t<\/div>\n\t\t<div class=\"elementor-element elementor-element-e307a5d e-con-full e-flex e-con e-child\" data-id=\"e307a5d\" data-element_type=\"container\" data-e-type=\"container\">\n\t\t\t\t<div class=\"elementor-element elementor-element-80bfac5 elementor-widget elementor-widget-heading\" data-id=\"80bfac5\" data-element_type=\"widget\" data-e-type=\"widget\" data-widget_type=\"heading.default\">\n\t\t\t\t\t<h4 class=\"elementor-heading-title elementor-size-default\">Rejoignez la communaut\u00e9 APA<\/h4>\t\t\t\t<\/div>\n\t\t\t\t<div class=\"elementor-element elementor-element-a436538 elementor-widget elementor-widget-html\" data-id=\"a436538\" data-element_type=\"widget\" data-e-type=\"widget\" data-widget_type=\"html.default\">\n\t\t\t\t\tVous avez d\u00e9j\u00e0 un compte ? <a href=\"https:\/\/www.theapaafrica.org\/fr\/se-connecter\/\" class=\"apa-link\">Se connecter<\/a>\t\t\t\t<\/div>\n\t\t\t\t<div class=\"elementor-element elementor-element-08e4c25 elementor-widget__width-inherit uael-wpf-button-justify uael-wpf-style-box uael-wpf-input-size-sm uael-wpf-btn-size-sm uael-wpf-highlight-style-default elementor-widget elementor-widget-uael-wpf-styler\" data-id=\"08e4c25\" data-element_type=\"widget\" data-e-type=\"widget\" data-settings=\"{&quot;wpf_input_radius&quot;:{&quot;unit&quot;:&quot;px&quot;,&quot;top&quot;:&quot;10&quot;,&quot;right&quot;:&quot;10&quot;,&quot;bottom&quot;:&quot;10&quot;,&quot;left&quot;:&quot;10&quot;,&quot;isLinked&quot;:true},&quot;btn_border_radius&quot;:{&quot;unit&quot;:&quot;px&quot;,&quot;top&quot;:&quot;10&quot;,&quot;right&quot;:&quot;10&quot;,&quot;bottom&quot;:&quot;10&quot;,&quot;left&quot;:&quot;10&quot;,&quot;isLinked&quot;:true},&quot;wpf_button_align&quot;:&quot;justify&quot;,&quot;wpf_input_padding&quot;:{&quot;unit&quot;:&quot;px&quot;,&quot;top&quot;:&quot;&quot;,&quot;right&quot;:&quot;&quot;,&quot;bottom&quot;:&quot;&quot;,&quot;left&quot;:&quot;&quot;,&quot;isLinked&quot;:true},&quot;wpf_input_padding_tablet&quot;:{&quot;unit&quot;:&quot;px&quot;,&quot;top&quot;:&quot;&quot;,&quot;right&quot;:&quot;&quot;,&quot;bottom&quot;:&quot;&quot;,&quot;left&quot;:&quot;&quot;,&quot;isLinked&quot;:true},&quot;wpf_input_padding_mobile&quot;:{&quot;unit&quot;:&quot;px&quot;,&quot;top&quot;:&quot;&quot;,&quot;right&quot;:&quot;&quot;,&quot;bottom&quot;:&quot;&quot;,&quot;left&quot;:&quot;&quot;,&quot;isLinked&quot;:true},&quot;wpf_input_radius_tablet&quot;:{&quot;unit&quot;:&quot;px&quot;,&quot;top&quot;:&quot;&quot;,&quot;right&quot;:&quot;&quot;,&quot;bottom&quot;:&quot;&quot;,&quot;left&quot;:&quot;&quot;,&quot;isLinked&quot;:true},&quot;wpf_input_radius_mobile&quot;:{&quot;unit&quot;:&quot;px&quot;,&quot;top&quot;:&quot;&quot;,&quot;right&quot;:&quot;&quot;,&quot;bottom&quot;:&quot;&quot;,&quot;left&quot;:&quot;&quot;,&quot;isLinked&quot;:true},&quot;wpf_button_padding&quot;:{&quot;unit&quot;:&quot;px&quot;,&quot;top&quot;:&quot;&quot;,&quot;right&quot;:&quot;&quot;,&quot;bottom&quot;:&quot;&quot;,&quot;left&quot;:&quot;&quot;,&quot;isLinked&quot;:true},&quot;wpf_button_padding_tablet&quot;:{&quot;unit&quot;:&quot;px&quot;,&quot;top&quot;:&quot;&quot;,&quot;right&quot;:&quot;&quot;,&quot;bottom&quot;:&quot;&quot;,&quot;left&quot;:&quot;&quot;,&quot;isLinked&quot;:true},&quot;wpf_button_padding_mobile&quot;:{&quot;unit&quot;:&quot;px&quot;,&quot;top&quot;:&quot;&quot;,&quot;right&quot;:&quot;&quot;,&quot;bottom&quot;:&quot;&quot;,&quot;left&quot;:&quot;&quot;,&quot;isLinked&quot;:true},&quot;btn_border_radius_tablet&quot;:{&quot;unit&quot;:&quot;px&quot;,&quot;top&quot;:&quot;&quot;,&quot;right&quot;:&quot;&quot;,&quot;bottom&quot;:&quot;&quot;,&quot;left&quot;:&quot;&quot;,&quot;isLinked&quot;:true},&quot;btn_border_radius_mobile&quot;:{&quot;unit&quot;:&quot;px&quot;,&quot;top&quot;:&quot;&quot;,&quot;right&quot;:&quot;&quot;,&quot;bottom&quot;:&quot;&quot;,&quot;left&quot;:&quot;&quot;,&quot;isLinked&quot;:true},&quot;form_fields_margin&quot;:{&quot;unit&quot;:&quot;px&quot;,&quot;size&quot;:&quot;&quot;,&quot;sizes&quot;:[]},&quot;form_fields_margin_tablet&quot;:{&quot;unit&quot;:&quot;px&quot;,&quot;size&quot;:&quot;&quot;,&quot;sizes&quot;:[]},&quot;form_fields_margin_mobile&quot;:{&quot;unit&quot;:&quot;px&quot;,&quot;size&quot;:&quot;&quot;,&quot;sizes&quot;:[]},&quot;form_label_margin_bottom&quot;:{&quot;unit&quot;:&quot;px&quot;,&quot;size&quot;:&quot;&quot;,&quot;sizes&quot;:[]},&quot;form_label_margin_bottom_tablet&quot;:{&quot;unit&quot;:&quot;px&quot;,&quot;size&quot;:&quot;&quot;,&quot;sizes&quot;:[]},&quot;form_label_margin_bottom_mobile&quot;:{&quot;unit&quot;:&quot;px&quot;,&quot;size&quot;:&quot;&quot;,&quot;sizes&quot;:[]},&quot;form_desc_margin_top&quot;:{&quot;unit&quot;:&quot;px&quot;,&quot;size&quot;:&quot;&quot;,&quot;sizes&quot;:[]},&quot;form_desc_margin_top_tablet&quot;:{&quot;unit&quot;:&quot;px&quot;,&quot;size&quot;:&quot;&quot;,&quot;sizes&quot;:[]},&quot;form_desc_margin_top_mobile&quot;:{&quot;unit&quot;:&quot;px&quot;,&quot;size&quot;:&quot;&quot;,&quot;sizes&quot;:[]},&quot;check_radio_items_spacing&quot;:{&quot;unit&quot;:&quot;px&quot;,&quot;size&quot;:&quot;&quot;,&quot;sizes&quot;:[]},&quot;check_radio_items_spacing_tablet&quot;:{&quot;unit&quot;:&quot;px&quot;,&quot;size&quot;:&quot;&quot;,&quot;sizes&quot;:[]},&quot;check_radio_items_spacing_mobile&quot;:{&quot;unit&quot;:&quot;px&quot;,&quot;size&quot;:&quot;&quot;,&quot;sizes&quot;:[]},&quot;submit_spacing&quot;:{&quot;unit&quot;:&quot;px&quot;,&quot;size&quot;:&quot;&quot;,&quot;sizes&quot;:[]},&quot;submit_spacing_tablet&quot;:{&quot;unit&quot;:&quot;px&quot;,&quot;size&quot;:&quot;&quot;,&quot;sizes&quot;:[]},&quot;submit_spacing_mobile&quot;:{&quot;unit&quot;:&quot;px&quot;,&quot;size&quot;:&quot;&quot;,&quot;sizes&quot;:[]}}\" data-widget_type=\"uael-wpf-styler.default\">\n\t\t\t\t<div class=\"elementor-widget-container\">\n\t\t\t\t\t\t\t\t\t<div class = \"uael-wpf-container\">\n\t\t\t\t\t\t<div class = \"uael-wpf uael-wpf-style elementor-clickable\">\n\t\t\t\t\t\t<div class=\"wpforms-container wpforms-container-save-resume\" id=\"wpforms-4370\"><form id=\"wpforms-form-4370\" class=\"wpforms-validate wpforms-form\" data-formid=\"4370\" method=\"post\" enctype=\"multipart\/form-data\" action=\"\/fr\/wp-json\/wp\/v2\/pages\/2345\" data-token=\"619ae9770274df844b8cfc7020dbd3f7\" data-token-time=\"1775863966\"><noscript class=\"wpforms-error-noscript\">Veuillez activer JavaScript dans votre navigateur pour remplir ce formulaire.<\/noscript><div class=\"wpforms-field-container\">\t\t<div id=\"wpforms-4370-field_2-container\"\n\t\t\tclass=\"wpforms-field wpforms-field-text\"\n\t\t\tdata-field-type=\"text\"\n\t\t\tdata-field-id=\"2\"\n\t\t\t>\n\t\t\t<label class=\"wpforms-field-label\" for=\"wpforms-4370-field_2\" >Je E-mail Nom<\/label>\n\t\t\t<input type=\"text\" id=\"wpforms-4370-field_2\" class=\"wpforms-field-medium\" name=\"wpforms[fields][2]\" >\n\t\t<\/div>\n\t\t<div id=\"wpforms-4370-field_1-container\" class=\"wpforms-field wpforms-field-name\" data-field-type=\"name\" data-field-id=\"1\"><label class=\"wpforms-field-label wpforms-label-hide\" for=\"wpforms-4370-field_1\">Nom <span class=\"wpforms-required-label\">*<\/span><\/label><input type=\"text\" id=\"wpforms-4370-field_1\" class=\"wpforms-field-large wpforms-field-required\" name=\"wpforms[fields][1]\" placeholder=\"Nom\" required><\/div><div id=\"wpforms-4370-field_3-container\" class=\"wpforms-field wpforms-field-email\" data-field-type=\"email\" data-field-id=\"3\"><label class=\"wpforms-field-label wpforms-label-hide\" for=\"wpforms-4370-field_3\">E-mail <span class=\"wpforms-required-label\">*<\/span><\/label><input type=\"email\" id=\"wpforms-4370-field_3\" class=\"wpforms-field-large wpforms-field-required\" name=\"wpforms[fields][3]\" placeholder=\"E-mail\" spellcheck=\"false\" required><\/div><div id=\"wpforms-4370-field_4-container\" class=\"wpforms-field wpforms-field-password wpforms-full\" data-field-type=\"password\" data-field-id=\"4\"><label class=\"wpforms-field-label wpforms-label-hide\" for=\"wpforms-4370-field_4\">Mot de passe <span class=\"wpforms-required-label\">*<\/span><\/label><div class=\"wpforms-field-row wpforms-field-large\"><div class=\"wpforms-field-row-block wpforms-one-half wpforms-first\"><input type=\"password\" id=\"wpforms-4370-field_4\" class=\"wpforms-field-required wpforms-field-password-primary\" name=\"wpforms[fields][4][primary]\" placeholder=\"Entrez le mot de passe\" spellcheck=\"false\" required><label for=\"wpforms-4370-field_4\" class=\"wpforms-field-sublabel after wpforms-sublabel-hide\">Mot de passe<\/label><\/div><div class=\"wpforms-field-row-block wpforms-one-half\"><input type=\"password\" id=\"wpforms-4370-field_4-secondary\" class=\"wpforms-field-password-secondary wpforms-field-required\" data-rule-confirm=\"#wpforms-4370-field_4\" name=\"wpforms[fields][4][secondary]\" placeholder=\"Confirmez le mot de passe\" spellcheck=\"false\" required><label for=\"wpforms-4370-field_4-secondary\" class=\"wpforms-field-sublabel after wpforms-sublabel-hide\">Confirmer le mot de passe<\/label><\/div><\/div><\/div><div id=\"wpforms-4370-field_14-container\" class=\"wpforms-field wpforms-field-select wpforms-field-select-style-classic\" data-field-type=\"select\" data-field-id=\"14\"><label class=\"wpforms-field-label\" for=\"wpforms-4370-field_14\">Je suis un...<\/label><select id=\"wpforms-4370-field_14\" class=\"wpforms-field-large\" name=\"wpforms[fields][14]\"><option value=\"Participant potentiel\"  class=\"choice-1 depth-1\"  >Participant potentiel<\/option><option value=\"Entreprise\"  class=\"choice-2 depth-1\"  >Entreprise<\/option><option value=\"Investisseur et bailleur de fonds\"  class=\"choice-3 depth-1\"  >Investisseur et bailleur de fonds<\/option><option value=\"Gouvernement et ONG\"  class=\"choice-4 depth-1\"  >Gouvernement et ONG<\/option><option value=\"Communaut\u00e9\"  class=\"choice-5 depth-1\"  >Communaut\u00e9<\/option><option value=\"Responsable du d\u00e9veloppement commercial\"  class=\"choice-7 depth-1\"  >Responsable du d\u00e9veloppement commercial<\/option><option value=\"Analyste de donn\u00e9es\"  class=\"choice-12 depth-1\"  >Analyste de donn\u00e9es<\/option><option value=\"Chef de projet\"  class=\"choice-11 depth-1\"  >Chef de projet<\/option><option value=\"Consultant expert\"  class=\"choice-10 depth-1\"  >Consultant expert<\/option><option value=\"Entra\u00eeneur\"  class=\"choice-9 depth-1\"  >Entra\u00eeneur<\/option><option value=\"Responsable des partenaires locaux\"  class=\"choice-8 depth-1\"  >Responsable des partenaires locaux<\/option><option value=\"Auditeur\"  class=\"choice-14 depth-1\"  >Auditeur<\/option><option value=\"Anciens \u00e9l\u00e8ves\"  class=\"choice-13 depth-1\"  >Anciens \u00e9l\u00e8ves<\/option><\/select><\/div><script>\n\t\t\t\t( function() {\n\t\t\t\t\tconst style = document.createElement( 'style' );\n\t\t\t\t\tstyle.appendChild( document.createTextNode( '#wpforms-4370-field_2-container { position: absolute !important; overflow: hidden !important; display: inline !important; height: 1px !important; width: 1px !important; z-index: -1000 !important; padding: 0 !important; } #wpforms-4370-field_2-container input { visibility: hidden; } #wpforms-conversational-form-page #wpforms-4370-field_2-container label { counter-increment: none; }' ) );\n\t\t\t\t\tdocument.head.appendChild( style );\n\t\t\t\t\tdocument.currentScript?.remove();\n\t\t\t\t} )();\n\t\t\t<\/script><\/div><!-- .wpforms-field-container --><div class=\"wpforms-submit-container\" ><input type=\"hidden\" name=\"wpforms[id]\" value=\"4370\"><input type=\"hidden\" name=\"page_title\" value=\"\"><input type=\"hidden\" name=\"page_url\" value=\"https:\/\/www.theapaafrica.org\/fr\/wp-json\/wp\/v2\/pages\/2345\"><input type=\"hidden\" name=\"url_referer\" value=\"\"><button type=\"submit\" name=\"wpforms[submit]\" id=\"wpforms-submit-4370\" class=\"wpforms-submit\" data-alt-text=\"Signature...\" data-submit-text=\"S&#039;inscrire\" aria-live=\"assertive\" value=\"wpforms-submit\">S&#039;inscrire<\/button><\/div><\/form><\/div>  <!-- .wpforms-container -->\t\t\t\t\t<\/div>\n\t\t\t\t<\/div>\n\t\t\t\t\t\t\t\t<\/div>\n\t\t\t\t<\/div>\n\t\t\t\t<\/div>\n\t\t\t\t<\/div>\n\t\t\t\t<\/div>\n\t\t\t\t\t<\/div>\n\t\t\t\t<\/div>\n\t\t\t\t<\/div>\n\t\t","protected":false},"excerpt":{"rendered":"<p>Rejoignez la communaut\u00e9 APA Vous avez d\u00e9j\u00e0 un compte ? Se connecter Please enable JavaScript in your browser to complete this form.Name *Email *Password *I am a&#8230;*Prospective ParticipantBusinessInvestor &amp; FunderGovernment &amp; NGOCommunity APA AdministratorBusiness Development ManagerData AnalystProject ManagerExpert ConsultantTrainerLocal Partner LeadAuditorAlumni Sign Up<\/p>\n","protected":false},"author":2,"featured_media":0,"parent":0,"menu_order":0,"comment_status":"closed","ping_status":"closed","template":"","meta":{"site-sidebar-layout":"no-sidebar","site-content-layout":"page-builder","ast-site-content-layout":"full-width-container","site-content-style":"default","site-sidebar-style":"default","ast-global-header-display":"","ast-banner-title-visibility":"","ast-main-header-display":"","ast-hfb-above-header-display":"","ast-hfb-below-header-display":"","ast-hfb-mobile-header-display":"","site-post-title":"","ast-breadcrumbs-content":"","ast-featured-img":"disabled","footer-sml-layout":"","ast-disable-related-posts":"","theme-transparent-header-meta":"","adv-header-id-meta":"","stick-header-meta":"","header-above-stick-meta":"","header-main-stick-meta":"","header-below-stick-meta":"","astra-migrate-meta-layouts":"default","ast-page-background-enabled":"default","ast-page-background-meta":{"desktop":{"background-color":"","background-image":"","background-repeat":"repeat","background-position":"center center","background-size":"auto","background-attachment":"scroll","background-type":"","background-media":"","overlay-type":"","overlay-color":"","overlay-opacity":"","overlay-gradient":""},"tablet":{"background-color":"","background-image":"","background-repeat":"repeat","background-position":"center center","background-size":"auto","background-attachment":"scroll","background-type":"","background-media":"","overlay-type":"","overlay-color":"","overlay-opacity":"","overlay-gradient":""},"mobile":{"background-color":"","background-image":"","background-repeat":"repeat","background-position":"center center","background-size":"auto","background-attachment":"scroll","background-type":"","background-media":"","overlay-type":"","overlay-color":"","overlay-opacity":"","overlay-gradient":""}},"ast-content-background-meta":{"desktop":{"background-color":"var(--ast-global-color-5)","background-image":"","background-repeat":"repeat","background-position":"center center","background-size":"auto","background-attachment":"scroll","background-type":"","background-media":"","overlay-type":"","overlay-color":"","overlay-opacity":"","overlay-gradient":""},"tablet":{"background-color":"var(--ast-global-color-5)","background-image":"","background-repeat":"repeat","background-position":"center center","background-size":"auto","background-attachment":"scroll","background-type":"","background-media":"","overlay-type":"","overlay-color":"","overlay-opacity":"","overlay-gradient":""},"mobile":{"background-color":"var(--ast-global-color-5)","background-image":"","background-repeat":"repeat","background-position":"center center","background-size":"auto","background-attachment":"scroll","background-type":"","background-media":"","overlay-type":"","overlay-color":"","overlay-opacity":"","overlay-gradient":""}},"footnotes":""},"class_list":["post-2345","page","type-page","status-publish","hentry"],"yoast_head":"<!-- This site is optimized with the Yoast SEO plugin v27.3 - https:\/\/yoast.com\/product\/yoast-seo-wordpress\/ -->\n<title>S&#039;inscrire - Les partenaires responsables de l&#039;Afrique<\/title>\n<meta name=\"description\" content=\"Les partenaires responsables de l&#039;Afrique - The Pan-African Implementing Agency Building Trust, Accountability, and Impact.\" \/>\n<meta name=\"robots\" content=\"index, follow, max-snippet:-1, max-image-preview:large, max-video-preview:-1\" \/>\n<link rel=\"canonical\" href=\"https:\/\/www.theapaafrica.org\/fr\/sinscrire\/\" \/>\n<meta property=\"og:locale\" content=\"fr_FR\" \/>\n<meta property=\"og:type\" content=\"article\" \/>\n<meta property=\"og:title\" content=\"S&#039;inscrire - Les partenaires responsables de l&#039;Afrique\" \/>\n<meta property=\"og:description\" content=\"Les partenaires responsables de l&#039;Afrique - The Pan-African Implementing Agency Building Trust, Accountability, and Impact.\" \/>\n<meta property=\"og:url\" content=\"https:\/\/www.theapaafrica.org\/fr\/sinscrire\/\" \/>\n<meta property=\"og:site_name\" content=\"Les partenaires responsables de l&#039;Afrique\" \/>\n<meta property=\"article:modified_time\" content=\"2025-11-17T05:23:48+00:00\" \/>\n<meta property=\"og:image\" content=\"https:\/\/www.theapaafrica.org\/wp-content\/uploads\/1APA-300x100-1.jpg\" \/>\n\t<meta property=\"og:image:width\" content=\"129\" \/>\n\t<meta property=\"og:image:height\" content=\"70\" \/>\n\t<meta property=\"og:image:type\" content=\"image\/jpeg\" \/>\n<meta name=\"twitter:card\" content=\"summary_large_image\" \/>\n<meta name=\"twitter:site\" content=\"@apaafrica\" \/>\n<script type=\"application\/ld+json\" class=\"yoast-schema-graph\">{\"@context\":\"https:\\\/\\\/schema.org\",\"@graph\":[{\"@type\":\"WebPage\",\"@id\":\"https:\\\/\\\/www.theapaafrica.org\\\/fr\\\/sinscrire\\\/\",\"url\":\"https:\\\/\\\/www.theapaafrica.org\\\/fr\\\/sinscrire\\\/\",\"name\":\"S'inscrire - Les partenaires responsables de l'Afrique\",\"isPartOf\":{\"@id\":\"https:\\\/\\\/www.theapaafrica.org\\\/fr\\\/#website\"},\"datePublished\":\"2025-10-07T07:37:21+00:00\",\"dateModified\":\"2025-11-17T05:23:48+00:00\",\"description\":\"Les partenaires responsables de l'Afrique - The Pan-African Implementing Agency Building Trust, Accountability, and Impact.\",\"breadcrumb\":{\"@id\":\"https:\\\/\\\/www.theapaafrica.org\\\/fr\\\/sinscrire\\\/#breadcrumb\"},\"inLanguage\":\"fr-FR\",\"potentialAction\":[{\"@type\":\"ReadAction\",\"target\":[\"https:\\\/\\\/www.theapaafrica.org\\\/fr\\\/sinscrire\\\/\"]}]},{\"@type\":\"BreadcrumbList\",\"@id\":\"https:\\\/\\\/www.theapaafrica.org\\\/fr\\\/sinscrire\\\/#breadcrumb\",\"itemListElement\":[{\"@type\":\"ListItem\",\"position\":1,\"name\":\"Home\",\"item\":\"https:\\\/\\\/www.theapaafrica.org\\\/fr\\\/accueil-du-pole-numerique\\\/\"},{\"@type\":\"ListItem\",\"position\":2,\"name\":\"S&#8217;inscrire\"}]},{\"@type\":\"WebSite\",\"@id\":\"https:\\\/\\\/www.theapaafrica.org\\\/fr\\\/#website\",\"url\":\"https:\\\/\\\/www.theapaafrica.org\\\/fr\\\/\",\"name\":\"The Accountable Partners for Africa\",\"description\":\"Instaurer la confiance, la responsabilit\u00e9 et l'impact\",\"publisher\":{\"@id\":\"https:\\\/\\\/www.theapaafrica.org\\\/fr\\\/#organization\"},\"potentialAction\":[{\"@type\":\"SearchAction\",\"target\":{\"@type\":\"EntryPoint\",\"urlTemplate\":\"https:\\\/\\\/www.theapaafrica.org\\\/fr\\\/?s={search_term_string}\"},\"query-input\":{\"@type\":\"PropertyValueSpecification\",\"valueRequired\":true,\"valueName\":\"search_term_string\"}}],\"inLanguage\":\"fr-FR\"},{\"@type\":\"Organization\",\"@id\":\"https:\\\/\\\/www.theapaafrica.org\\\/fr\\\/#organization\",\"name\":\"The Accountable Partners for Africa\",\"url\":\"https:\\\/\\\/www.theapaafrica.org\\\/fr\\\/\",\"logo\":{\"@type\":\"ImageObject\",\"inLanguage\":\"fr-FR\",\"@id\":\"https:\\\/\\\/www.theapaafrica.org\\\/fr\\\/#\\\/schema\\\/logo\\\/image\\\/\",\"url\":\"https:\\\/\\\/www.theapaafrica.org\\\/wp-content\\\/uploads\\\/APA-logo-300x71-2.png\",\"contentUrl\":\"https:\\\/\\\/www.theapaafrica.org\\\/wp-content\\\/uploads\\\/APA-logo-300x71-2.png\",\"width\":300,\"height\":71,\"caption\":\"The Accountable Partners for Africa\"},\"image\":{\"@id\":\"https:\\\/\\\/www.theapaafrica.org\\\/fr\\\/#\\\/schema\\\/logo\\\/image\\\/\"},\"sameAs\":[\"https:\\\/\\\/x.com\\\/apaafrica\",\"https:\\\/\\\/www.linkedin.com\\\/in\\\/accountable-partnerships-for-africa-apa-ab5831350\\\/\",\"https:\\\/\\\/www.instagram.com\\\/apaafrica?igsh=bTJ6cm9qMm1oYmtp&utm_source=qr\"]}]}<\/script>\n<!-- \/ Yoast SEO plugin. -->","yoast_head_json":{"title":"S'inscrire - Les partenaires responsables de l'Afrique","description":"Les partenaires responsables de l'Afrique - The Pan-African Implementing Agency Building Trust, Accountability, and Impact.","robots":{"index":"index","follow":"follow","max-snippet":"max-snippet:-1","max-image-preview":"max-image-preview:large","max-video-preview":"max-video-preview:-1"},"canonical":"https:\/\/www.theapaafrica.org\/fr\/sinscrire\/","og_locale":"fr_FR","og_type":"article","og_title":"S'inscrire - Les partenaires responsables de l'Afrique","og_description":"Les partenaires responsables de l'Afrique - The Pan-African Implementing Agency Building Trust, Accountability, and Impact.","og_url":"https:\/\/www.theapaafrica.org\/fr\/sinscrire\/","og_site_name":"Les partenaires responsables de l'Afrique","article_modified_time":"2025-11-17T05:23:48+00:00","og_image":[{"width":129,"height":70,"url":"https:\/\/www.theapaafrica.org\/wp-content\/uploads\/1APA-300x100-1.jpg","type":"image\/jpeg"}],"twitter_card":"summary_large_image","twitter_site":"@apaafrica","schema":{"@context":"https:\/\/schema.org","@graph":[{"@type":"WebPage","@id":"https:\/\/www.theapaafrica.org\/fr\/sinscrire\/","url":"https:\/\/www.theapaafrica.org\/fr\/sinscrire\/","name":"S'inscrire - Les partenaires responsables de l'Afrique","isPartOf":{"@id":"https:\/\/www.theapaafrica.org\/fr\/#website"},"datePublished":"2025-10-07T07:37:21+00:00","dateModified":"2025-11-17T05:23:48+00:00","description":"Les partenaires responsables de l'Afrique - The Pan-African Implementing Agency Building Trust, Accountability, and Impact.","breadcrumb":{"@id":"https:\/\/www.theapaafrica.org\/fr\/sinscrire\/#breadcrumb"},"inLanguage":"fr-FR","potentialAction":[{"@type":"ReadAction","target":["https:\/\/www.theapaafrica.org\/fr\/sinscrire\/"]}]},{"@type":"BreadcrumbList","@id":"https:\/\/www.theapaafrica.org\/fr\/sinscrire\/#breadcrumb","itemListElement":[{"@type":"ListItem","position":1,"name":"Home","item":"https:\/\/www.theapaafrica.org\/fr\/accueil-du-pole-numerique\/"},{"@type":"ListItem","position":2,"name":"S&#8217;inscrire"}]},{"@type":"WebSite","@id":"https:\/\/www.theapaafrica.org\/fr\/#website","url":"https:\/\/www.theapaafrica.org\/fr\/","name":"The Accountable Partners for Africa","description":"Instaurer la confiance, la responsabilit\u00e9 et l'impact","publisher":{"@id":"https:\/\/www.theapaafrica.org\/fr\/#organization"},"potentialAction":[{"@type":"SearchAction","target":{"@type":"EntryPoint","urlTemplate":"https:\/\/www.theapaafrica.org\/fr\/?s={search_term_string}"},"query-input":{"@type":"PropertyValueSpecification","valueRequired":true,"valueName":"search_term_string"}}],"inLanguage":"fr-FR"},{"@type":"Organization","@id":"https:\/\/www.theapaafrica.org\/fr\/#organization","name":"The Accountable Partners for Africa","url":"https:\/\/www.theapaafrica.org\/fr\/","logo":{"@type":"ImageObject","inLanguage":"fr-FR","@id":"https:\/\/www.theapaafrica.org\/fr\/#\/schema\/logo\/image\/","url":"https:\/\/www.theapaafrica.org\/wp-content\/uploads\/APA-logo-300x71-2.png","contentUrl":"https:\/\/www.theapaafrica.org\/wp-content\/uploads\/APA-logo-300x71-2.png","width":300,"height":71,"caption":"The Accountable Partners for Africa"},"image":{"@id":"https:\/\/www.theapaafrica.org\/fr\/#\/schema\/logo\/image\/"},"sameAs":["https:\/\/x.com\/apaafrica","https:\/\/www.linkedin.com\/in\/accountable-partnerships-for-africa-apa-ab5831350\/","https:\/\/www.instagram.com\/apaafrica?igsh=bTJ6cm9qMm1oYmtp&utm_source=qr"]}]}},"_links":{"self":[{"href":"https:\/\/www.theapaafrica.org\/fr\/wp-json\/wp\/v2\/pages\/2345","targetHints":{"allow":["GET"]}}],"collection":[{"href":"https:\/\/www.theapaafrica.org\/fr\/wp-json\/wp\/v2\/pages"}],"about":[{"href":"https:\/\/www.theapaafrica.org\/fr\/wp-json\/wp\/v2\/types\/page"}],"author":[{"embeddable":true,"href":"https:\/\/www.theapaafrica.org\/fr\/wp-json\/wp\/v2\/users\/2"}],"replies":[{"embeddable":true,"href":"https:\/\/www.theapaafrica.org\/fr\/wp-json\/wp\/v2\/comments?post=2345"}],"version-history":[{"count":11,"href":"https:\/\/www.theapaafrica.org\/fr\/wp-json\/wp\/v2\/pages\/2345\/revisions"}],"predecessor-version":[{"id":4477,"href":"https:\/\/www.theapaafrica.org\/fr\/wp-json\/wp\/v2\/pages\/2345\/revisions\/4477"}],"wp:attachment":[{"href":"https:\/\/www.theapaafrica.org\/fr\/wp-json\/wp\/v2\/media?parent=2345"}],"curies":[{"name":"wp","href":"https:\/\/api.w.org\/{rel}","templated":true}]}}