{"id":2266,"date":"2025-10-07T07:52:53","date_gmt":"2025-10-07T07:52:53","guid":{"rendered":"https:\/\/www.theapaafrica.org\/mot-de-passe-oublie\/"},"modified":"2025-10-07T08:05:13","modified_gmt":"2025-10-07T08:05:13","slug":"mot-de-passe-oublie","status":"publish","type":"page","link":"https:\/\/www.theapaafrica.org\/fr\/mot-de-passe-oublie\/","title":{"rendered":"Mot de passe oubli\u00e9"},"content":{"rendered":"\t\t<div data-elementor-type=\"wp-page\" data-elementor-id=\"2266\" class=\"elementor elementor-2266 elementor-2258\" data-elementor-post-type=\"page\">\n\t\t\t\t<div class=\"elementor-element elementor-element-e461b6f e-flex e-con-boxed e-con e-parent\" data-id=\"e461b6f\" data-element_type=\"container\" data-e-type=\"container\" data-settings=\"{&quot;background_background&quot;:&quot;classic&quot;}\">\n\t\t\t\t\t<div class=\"e-con-inner\">\n\t\t<div class=\"elementor-element elementor-element-68a4b99 e-con-full e-flex e-con e-child\" data-id=\"68a4b99\" data-element_type=\"container\" data-e-type=\"container\">\n\t\t<div class=\"elementor-element elementor-element-f5bb2ef e-grid e-con-full e-con e-child\" data-id=\"f5bb2ef\" data-element_type=\"container\" data-e-type=\"container\">\n\t\t<div class=\"elementor-element elementor-element-2888536 e-con-full elementor-hidden-tablet elementor-hidden-mobile e-flex e-con e-child\" data-id=\"2888536\" data-element_type=\"container\" data-e-type=\"container\" data-settings=\"{&quot;background_background&quot;:&quot;classic&quot;}\">\n\t\t\t\t<\/div>\n\t\t<div class=\"elementor-element elementor-element-8e8a36a e-con-full e-flex e-con e-child\" data-id=\"8e8a36a\" data-element_type=\"container\" data-e-type=\"container\">\n\t\t\t\t<div class=\"elementor-element elementor-element-eaa8249 elementor-widget elementor-widget-heading\" data-id=\"eaa8249\" data-element_type=\"widget\" data-e-type=\"widget\" data-widget_type=\"heading.default\">\n\t\t\t\t\t<h4 class=\"elementor-heading-title elementor-size-default\">R\u00e9initialisez votre mot de passe<\/h4>\t\t\t\t<\/div>\n\t\t\t\t<div class=\"elementor-element elementor-element-79a9963 elementor-widget elementor-widget-html\" data-id=\"79a9963\" data-element_type=\"widget\" data-e-type=\"widget\" data-widget_type=\"html.default\">\n\t\t\t\t\tSaisissez l'adresse e-mail associ\u00e9e \u00e0 votre compte et nous vous enverrons un lien pour r\u00e9initialiser votre mot de passe.\t\t\t\t<\/div>\n\t\t\t\t<div class=\"elementor-element elementor-element-d8d1629 elementor-widget__width-inherit uael-wpf-button-justify uael-wpf-style-box uael-wpf-input-size-sm uael-wpf-btn-size-sm uael-wpf-highlight-style-default elementor-widget elementor-widget-uael-wpf-styler\" data-id=\"d8d1629\" data-element_type=\"widget\" data-e-type=\"widget\" data-settings=\"{&quot;wpf_input_radius&quot;:{&quot;unit&quot;:&quot;px&quot;,&quot;top&quot;:&quot;10&quot;,&quot;right&quot;:&quot;10&quot;,&quot;bottom&quot;:&quot;10&quot;,&quot;left&quot;:&quot;10&quot;,&quot;isLinked&quot;:true},&quot;btn_border_radius&quot;:{&quot;unit&quot;:&quot;px&quot;,&quot;top&quot;:&quot;10&quot;,&quot;right&quot;:&quot;10&quot;,&quot;bottom&quot;:&quot;10&quot;,&quot;left&quot;:&quot;10&quot;,&quot;isLinked&quot;:true},&quot;wpf_button_align&quot;:&quot;justify&quot;,&quot;wpf_input_padding&quot;:{&quot;unit&quot;:&quot;px&quot;,&quot;top&quot;:&quot;&quot;,&quot;right&quot;:&quot;&quot;,&quot;bottom&quot;:&quot;&quot;,&quot;left&quot;:&quot;&quot;,&quot;isLinked&quot;:true},&quot;wpf_input_padding_tablet&quot;:{&quot;unit&quot;:&quot;px&quot;,&quot;top&quot;:&quot;&quot;,&quot;right&quot;:&quot;&quot;,&quot;bottom&quot;:&quot;&quot;,&quot;left&quot;:&quot;&quot;,&quot;isLinked&quot;:true},&quot;wpf_input_padding_mobile&quot;:{&quot;unit&quot;:&quot;px&quot;,&quot;top&quot;:&quot;&quot;,&quot;right&quot;:&quot;&quot;,&quot;bottom&quot;:&quot;&quot;,&quot;left&quot;:&quot;&quot;,&quot;isLinked&quot;:true},&quot;wpf_input_radius_tablet&quot;:{&quot;unit&quot;:&quot;px&quot;,&quot;top&quot;:&quot;&quot;,&quot;right&quot;:&quot;&quot;,&quot;bottom&quot;:&quot;&quot;,&quot;left&quot;:&quot;&quot;,&quot;isLinked&quot;:true},&quot;wpf_input_radius_mobile&quot;:{&quot;unit&quot;:&quot;px&quot;,&quot;top&quot;:&quot;&quot;,&quot;right&quot;:&quot;&quot;,&quot;bottom&quot;:&quot;&quot;,&quot;left&quot;:&quot;&quot;,&quot;isLinked&quot;:true},&quot;wpf_button_padding&quot;:{&quot;unit&quot;:&quot;px&quot;,&quot;top&quot;:&quot;&quot;,&quot;right&quot;:&quot;&quot;,&quot;bottom&quot;:&quot;&quot;,&quot;left&quot;:&quot;&quot;,&quot;isLinked&quot;:true},&quot;wpf_button_padding_tablet&quot;:{&quot;unit&quot;:&quot;px&quot;,&quot;top&quot;:&quot;&quot;,&quot;right&quot;:&quot;&quot;,&quot;bottom&quot;:&quot;&quot;,&quot;left&quot;:&quot;&quot;,&quot;isLinked&quot;:true},&quot;wpf_button_padding_mobile&quot;:{&quot;unit&quot;:&quot;px&quot;,&quot;top&quot;:&quot;&quot;,&quot;right&quot;:&quot;&quot;,&quot;bottom&quot;:&quot;&quot;,&quot;left&quot;:&quot;&quot;,&quot;isLinked&quot;:true},&quot;btn_border_radius_tablet&quot;:{&quot;unit&quot;:&quot;px&quot;,&quot;top&quot;:&quot;&quot;,&quot;right&quot;:&quot;&quot;,&quot;bottom&quot;:&quot;&quot;,&quot;left&quot;:&quot;&quot;,&quot;isLinked&quot;:true},&quot;btn_border_radius_mobile&quot;:{&quot;unit&quot;:&quot;px&quot;,&quot;top&quot;:&quot;&quot;,&quot;right&quot;:&quot;&quot;,&quot;bottom&quot;:&quot;&quot;,&quot;left&quot;:&quot;&quot;,&quot;isLinked&quot;:true},&quot;form_fields_margin&quot;:{&quot;unit&quot;:&quot;px&quot;,&quot;size&quot;:&quot;&quot;,&quot;sizes&quot;:[]},&quot;form_fields_margin_tablet&quot;:{&quot;unit&quot;:&quot;px&quot;,&quot;size&quot;:&quot;&quot;,&quot;sizes&quot;:[]},&quot;form_fields_margin_mobile&quot;:{&quot;unit&quot;:&quot;px&quot;,&quot;size&quot;:&quot;&quot;,&quot;sizes&quot;:[]},&quot;form_label_margin_bottom&quot;:{&quot;unit&quot;:&quot;px&quot;,&quot;size&quot;:&quot;&quot;,&quot;sizes&quot;:[]},&quot;form_label_margin_bottom_tablet&quot;:{&quot;unit&quot;:&quot;px&quot;,&quot;size&quot;:&quot;&quot;,&quot;sizes&quot;:[]},&quot;form_label_margin_bottom_mobile&quot;:{&quot;unit&quot;:&quot;px&quot;,&quot;size&quot;:&quot;&quot;,&quot;sizes&quot;:[]},&quot;form_desc_margin_top&quot;:{&quot;unit&quot;:&quot;px&quot;,&quot;size&quot;:&quot;&quot;,&quot;sizes&quot;:[]},&quot;form_desc_margin_top_tablet&quot;:{&quot;unit&quot;:&quot;px&quot;,&quot;size&quot;:&quot;&quot;,&quot;sizes&quot;:[]},&quot;form_desc_margin_top_mobile&quot;:{&quot;unit&quot;:&quot;px&quot;,&quot;size&quot;:&quot;&quot;,&quot;sizes&quot;:[]},&quot;check_radio_items_spacing&quot;:{&quot;unit&quot;:&quot;px&quot;,&quot;size&quot;:&quot;&quot;,&quot;sizes&quot;:[]},&quot;check_radio_items_spacing_tablet&quot;:{&quot;unit&quot;:&quot;px&quot;,&quot;size&quot;:&quot;&quot;,&quot;sizes&quot;:[]},&quot;check_radio_items_spacing_mobile&quot;:{&quot;unit&quot;:&quot;px&quot;,&quot;size&quot;:&quot;&quot;,&quot;sizes&quot;:[]},&quot;submit_spacing&quot;:{&quot;unit&quot;:&quot;px&quot;,&quot;size&quot;:&quot;&quot;,&quot;sizes&quot;:[]},&quot;submit_spacing_tablet&quot;:{&quot;unit&quot;:&quot;px&quot;,&quot;size&quot;:&quot;&quot;,&quot;sizes&quot;:[]},&quot;submit_spacing_mobile&quot;:{&quot;unit&quot;:&quot;px&quot;,&quot;size&quot;:&quot;&quot;,&quot;sizes&quot;:[]}}\" data-widget_type=\"uael-wpf-styler.default\">\n\t\t\t\t<div class=\"elementor-widget-container\">\n\t\t\t\t\t\t\t\t\t<div class = \"uael-wpf-container\">\n\t\t\t\t\t\t<div class = \"uael-wpf uael-wpf-style elementor-clickable\">\n\t\t\t\t\t\t<div class=\"wpforms-container wpforms-container-save-resume\" id=\"wpforms-2254\"><form id=\"wpforms-form-2254\" class=\"wpforms-validate wpforms-form\" data-formid=\"2254\" method=\"post\" enctype=\"multipart\/form-data\" action=\"\/fr\/wp-json\/wp\/v2\/pages\/2266\" data-token=\"001841268b4261c6edc5d0a8e2303d8b\" data-token-time=\"1775868930\"><noscript class=\"wpforms-error-noscript\">Veuillez activer JavaScript dans votre navigateur pour remplir ce formulaire.<\/noscript><div class=\"wpforms-field-container\">\t\t<div id=\"wpforms-2254-field_2-container\"\n\t\t\tclass=\"wpforms-field wpforms-field-text\"\n\t\t\tdata-field-type=\"text\"\n\t\t\tdata-field-id=\"2\"\n\t\t\t>\n\t\t\t<label class=\"wpforms-field-label\" for=\"wpforms-2254-field_2\" >E-mail<\/label>\n\t\t\t<input type=\"text\" id=\"wpforms-2254-field_2\" class=\"wpforms-field-medium\" name=\"wpforms[fields][2]\" >\n\t\t<\/div>\n\t\t<div id=\"wpforms-2254-field_1-container\" class=\"wpforms-field wpforms-field-email\" data-field-type=\"email\" data-field-id=\"1\"><label class=\"wpforms-field-label wpforms-label-hide\" for=\"wpforms-2254-field_1\">E-mail <span class=\"wpforms-required-label\">*<\/span><\/label><input type=\"email\" id=\"wpforms-2254-field_1\" class=\"wpforms-field-large wpforms-field-required\" name=\"wpforms[fields][1]\" placeholder=\"Veuillez saisir l&#039;identifiant e-mail enregistr\u00e9\" spellcheck=\"false\" required><\/div><script>\n\t\t\t\t( function() {\n\t\t\t\t\tconst style = document.createElement( 'style' );\n\t\t\t\t\tstyle.appendChild( document.createTextNode( '#wpforms-2254-field_2-container { position: absolute !important; overflow: hidden !important; display: inline !important; height: 1px !important; width: 1px !important; z-index: -1000 !important; padding: 0 !important; } #wpforms-2254-field_2-container input { visibility: hidden; } #wpforms-conversational-form-page #wpforms-2254-field_2-container label { counter-increment: none; }' ) );\n\t\t\t\t\tdocument.head.appendChild( style );\n\t\t\t\t\tdocument.currentScript?.remove();\n\t\t\t\t} )();\n\t\t\t<\/script><\/div><!-- .wpforms-field-container --><div class=\"wpforms-submit-container\" ><input type=\"hidden\" name=\"wpforms[id]\" value=\"2254\"><input type=\"hidden\" name=\"page_title\" value=\"\"><input type=\"hidden\" name=\"page_url\" value=\"https:\/\/www.theapaafrica.org\/fr\/wp-json\/wp\/v2\/pages\/2266\"><input type=\"hidden\" name=\"url_referer\" value=\"\"><button type=\"submit\" name=\"wpforms[submit]\" id=\"wpforms-submit-2254\" class=\"wpforms-submit\" data-alt-text=\"Envoi...\" data-submit-text=\"Envoyer le lien de r\u00e9initialisation\" aria-live=\"assertive\" value=\"wpforms-submit\">Envoyer le lien de r\u00e9initialisation<\/button><\/div><\/form><\/div>  <!-- .wpforms-container -->\t\t\t\t\t<\/div>\n\t\t\t\t<\/div>\n\t\t\t\t\t\t\t\t<\/div>\n\t\t\t\t<\/div>\n\t\t\t\t<\/div>\n\t\t\t\t<\/div>\n\t\t\t\t<\/div>\n\t\t\t\t\t<\/div>\n\t\t\t\t<\/div>\n\t\t\t\t<\/div>\n\t\t","protected":false},"excerpt":{"rendered":"<p>R\u00e9initialisez votre mot de passe Saisissez l&rsquo;adresse e-mail associ\u00e9e \u00e0 votre compte et nous vous enverrons un lien pour r\u00e9initialiser votre mot de passe. Please enable JavaScript in your browser to complete this form. Email Email * Send Reset Link<\/p>\n","protected":false},"author":2,"featured_media":0,"parent":0,"menu_order":0,"comment_status":"closed","ping_status":"closed","template":"","meta":{"site-sidebar-layout":"no-sidebar","site-content-layout":"page-builder","ast-site-content-layout":"full-width-container","site-content-style":"default","site-sidebar-style":"default","ast-global-header-display":"","ast-banner-title-visibility":"","ast-main-header-display":"","ast-hfb-above-header-display":"","ast-hfb-below-header-display":"","ast-hfb-mobile-header-display":"","site-post-title":"","ast-breadcrumbs-content":"","ast-featured-img":"disabled","footer-sml-layout":"","ast-disable-related-posts":"","theme-transparent-header-meta":"","adv-header-id-meta":"","stick-header-meta":"","header-above-stick-meta":"","header-main-stick-meta":"","header-below-stick-meta":"","astra-migrate-meta-layouts":"default","ast-page-background-enabled":"default","ast-page-background-meta":{"desktop":{"background-color":"","background-image":"","background-repeat":"repeat","background-position":"center center","background-size":"auto","background-attachment":"scroll","background-type":"","background-media":"","overlay-type":"","overlay-color":"","overlay-opacity":"","overlay-gradient":""},"tablet":{"background-color":"","background-image":"","background-repeat":"repeat","background-position":"center center","background-size":"auto","background-attachment":"scroll","background-type":"","background-media":"","overlay-type":"","overlay-color":"","overlay-opacity":"","overlay-gradient":""},"mobile":{"background-color":"","background-image":"","background-repeat":"repeat","background-position":"center center","background-size":"auto","background-attachment":"scroll","background-type":"","background-media":"","overlay-type":"","overlay-color":"","overlay-opacity":"","overlay-gradient":""}},"ast-content-background-meta":{"desktop":{"background-color":"var(--ast-global-color-5)","background-image":"","background-repeat":"repeat","background-position":"center center","background-size":"auto","background-attachment":"scroll","background-type":"","background-media":"","overlay-type":"","overlay-color":"","overlay-opacity":"","overlay-gradient":""},"tablet":{"background-color":"var(--ast-global-color-5)","background-image":"","background-repeat":"repeat","background-position":"center center","background-size":"auto","background-attachment":"scroll","background-type":"","background-media":"","overlay-type":"","overlay-color":"","overlay-opacity":"","overlay-gradient":""},"mobile":{"background-color":"var(--ast-global-color-5)","background-image":"","background-repeat":"repeat","background-position":"center center","background-size":"auto","background-attachment":"scroll","background-type":"","background-media":"","overlay-type":"","overlay-color":"","overlay-opacity":"","overlay-gradient":""}},"footnotes":""},"class_list":["post-2266","page","type-page","status-publish","hentry"],"yoast_head":"<!-- This site is optimized with the Yoast SEO plugin v27.3 - https:\/\/yoast.com\/product\/yoast-seo-wordpress\/ -->\n<title>Mot de passe oubli\u00e9 - Les partenaires responsables de l&#039;Afrique<\/title>\n<meta name=\"description\" content=\"Les partenaires responsables de l&#039;Afrique - The Pan-African Implementing Agency Building Trust, Accountability, and Impact.\" \/>\n<meta name=\"robots\" content=\"index, follow, max-snippet:-1, max-image-preview:large, max-video-preview:-1\" \/>\n<link rel=\"canonical\" href=\"https:\/\/www.theapaafrica.org\/fr\/mot-de-passe-oublie\/\" \/>\n<meta property=\"og:locale\" content=\"fr_FR\" \/>\n<meta property=\"og:type\" content=\"article\" \/>\n<meta property=\"og:title\" content=\"Mot de passe oubli\u00e9 - Les partenaires responsables de l&#039;Afrique\" \/>\n<meta property=\"og:description\" content=\"Les partenaires responsables de l&#039;Afrique - The Pan-African Implementing Agency Building Trust, Accountability, and Impact.\" \/>\n<meta property=\"og:url\" content=\"https:\/\/www.theapaafrica.org\/fr\/mot-de-passe-oublie\/\" \/>\n<meta property=\"og:site_name\" content=\"Les partenaires responsables de l&#039;Afrique\" \/>\n<meta property=\"article:modified_time\" content=\"2025-10-07T08:05:13+00:00\" \/>\n<meta property=\"og:image\" content=\"https:\/\/www.theapaafrica.org\/wp-content\/plugins\/wpforms\/assets\/images\/submit-spin.svg\" \/>\n<meta name=\"twitter:card\" content=\"summary_large_image\" \/>\n<meta name=\"twitter:site\" content=\"@apaafrica\" \/>\n<script type=\"application\/ld+json\" class=\"yoast-schema-graph\">{\"@context\":\"https:\\\/\\\/schema.org\",\"@graph\":[{\"@type\":\"WebPage\",\"@id\":\"https:\\\/\\\/www.theapaafrica.org\\\/fr\\\/mot-de-passe-oublie\\\/\",\"url\":\"https:\\\/\\\/www.theapaafrica.org\\\/fr\\\/mot-de-passe-oublie\\\/\",\"name\":\"Mot de passe oubli\u00e9 - Les partenaires responsables de l'Afrique\",\"isPartOf\":{\"@id\":\"https:\\\/\\\/www.theapaafrica.org\\\/fr\\\/#website\"},\"primaryImageOfPage\":{\"@id\":\"https:\\\/\\\/www.theapaafrica.org\\\/fr\\\/mot-de-passe-oublie\\\/#primaryimage\"},\"image\":{\"@id\":\"https:\\\/\\\/www.theapaafrica.org\\\/fr\\\/mot-de-passe-oublie\\\/#primaryimage\"},\"thumbnailUrl\":\"https:\\\/\\\/www.theapaafrica.org\\\/wp-content\\\/plugins\\\/wpforms\\\/assets\\\/images\\\/submit-spin.svg\",\"datePublished\":\"2025-10-07T07:52:53+00:00\",\"dateModified\":\"2025-10-07T08:05:13+00:00\",\"description\":\"Les partenaires responsables de l'Afrique - The Pan-African Implementing Agency Building Trust, Accountability, and Impact.\",\"breadcrumb\":{\"@id\":\"https:\\\/\\\/www.theapaafrica.org\\\/fr\\\/mot-de-passe-oublie\\\/#breadcrumb\"},\"inLanguage\":\"fr-FR\",\"potentialAction\":[{\"@type\":\"ReadAction\",\"target\":[\"https:\\\/\\\/www.theapaafrica.org\\\/fr\\\/mot-de-passe-oublie\\\/\"]}]},{\"@type\":\"ImageObject\",\"inLanguage\":\"fr-FR\",\"@id\":\"https:\\\/\\\/www.theapaafrica.org\\\/fr\\\/mot-de-passe-oublie\\\/#primaryimage\",\"url\":\"https:\\\/\\\/www.theapaafrica.org\\\/wp-content\\\/plugins\\\/wpforms\\\/assets\\\/images\\\/submit-spin.svg\",\"contentUrl\":\"https:\\\/\\\/www.theapaafrica.org\\\/wp-content\\\/plugins\\\/wpforms\\\/assets\\\/images\\\/submit-spin.svg\"},{\"@type\":\"BreadcrumbList\",\"@id\":\"https:\\\/\\\/www.theapaafrica.org\\\/fr\\\/mot-de-passe-oublie\\\/#breadcrumb\",\"itemListElement\":[{\"@type\":\"ListItem\",\"position\":1,\"name\":\"Home\",\"item\":\"https:\\\/\\\/www.theapaafrica.org\\\/fr\\\/accueil-du-pole-numerique\\\/\"},{\"@type\":\"ListItem\",\"position\":2,\"name\":\"Mot de passe oubli\u00e9\"}]},{\"@type\":\"WebSite\",\"@id\":\"https:\\\/\\\/www.theapaafrica.org\\\/fr\\\/#website\",\"url\":\"https:\\\/\\\/www.theapaafrica.org\\\/fr\\\/\",\"name\":\"The Accountable Partners for Africa\",\"description\":\"Instaurer la confiance, la responsabilit\u00e9 et l'impact\",\"publisher\":{\"@id\":\"https:\\\/\\\/www.theapaafrica.org\\\/fr\\\/#organization\"},\"potentialAction\":[{\"@type\":\"SearchAction\",\"target\":{\"@type\":\"EntryPoint\",\"urlTemplate\":\"https:\\\/\\\/www.theapaafrica.org\\\/fr\\\/?s={search_term_string}\"},\"query-input\":{\"@type\":\"PropertyValueSpecification\",\"valueRequired\":true,\"valueName\":\"search_term_string\"}}],\"inLanguage\":\"fr-FR\"},{\"@type\":\"Organization\",\"@id\":\"https:\\\/\\\/www.theapaafrica.org\\\/fr\\\/#organization\",\"name\":\"The Accountable Partners for Africa\",\"url\":\"https:\\\/\\\/www.theapaafrica.org\\\/fr\\\/\",\"logo\":{\"@type\":\"ImageObject\",\"inLanguage\":\"fr-FR\",\"@id\":\"https:\\\/\\\/www.theapaafrica.org\\\/fr\\\/#\\\/schema\\\/logo\\\/image\\\/\",\"url\":\"https:\\\/\\\/www.theapaafrica.org\\\/wp-content\\\/uploads\\\/APA-logo-300x71-2.png\",\"contentUrl\":\"https:\\\/\\\/www.theapaafrica.org\\\/wp-content\\\/uploads\\\/APA-logo-300x71-2.png\",\"width\":300,\"height\":71,\"caption\":\"The Accountable Partners for Africa\"},\"image\":{\"@id\":\"https:\\\/\\\/www.theapaafrica.org\\\/fr\\\/#\\\/schema\\\/logo\\\/image\\\/\"},\"sameAs\":[\"https:\\\/\\\/x.com\\\/apaafrica\",\"https:\\\/\\\/www.linkedin.com\\\/in\\\/accountable-partnerships-for-africa-apa-ab5831350\\\/\",\"https:\\\/\\\/www.instagram.com\\\/apaafrica?igsh=bTJ6cm9qMm1oYmtp&utm_source=qr\"]}]}<\/script>\n<!-- \/ Yoast SEO plugin. -->","yoast_head_json":{"title":"Mot de passe oubli\u00e9 - Les partenaires responsables de l'Afrique","description":"Les partenaires responsables de l'Afrique - The Pan-African Implementing Agency Building Trust, Accountability, and Impact.","robots":{"index":"index","follow":"follow","max-snippet":"max-snippet:-1","max-image-preview":"max-image-preview:large","max-video-preview":"max-video-preview:-1"},"canonical":"https:\/\/www.theapaafrica.org\/fr\/mot-de-passe-oublie\/","og_locale":"fr_FR","og_type":"article","og_title":"Mot de passe oubli\u00e9 - Les partenaires responsables de l'Afrique","og_description":"Les partenaires responsables de l'Afrique - The Pan-African Implementing Agency Building Trust, Accountability, and Impact.","og_url":"https:\/\/www.theapaafrica.org\/fr\/mot-de-passe-oublie\/","og_site_name":"Les partenaires responsables de l'Afrique","article_modified_time":"2025-10-07T08:05:13+00:00","og_image":[{"url":"https:\/\/www.theapaafrica.org\/wp-content\/plugins\/wpforms\/assets\/images\/submit-spin.svg","type":"","width":"","height":""}],"twitter_card":"summary_large_image","twitter_site":"@apaafrica","schema":{"@context":"https:\/\/schema.org","@graph":[{"@type":"WebPage","@id":"https:\/\/www.theapaafrica.org\/fr\/mot-de-passe-oublie\/","url":"https:\/\/www.theapaafrica.org\/fr\/mot-de-passe-oublie\/","name":"Mot de passe oubli\u00e9 - Les partenaires responsables de l'Afrique","isPartOf":{"@id":"https:\/\/www.theapaafrica.org\/fr\/#website"},"primaryImageOfPage":{"@id":"https:\/\/www.theapaafrica.org\/fr\/mot-de-passe-oublie\/#primaryimage"},"image":{"@id":"https:\/\/www.theapaafrica.org\/fr\/mot-de-passe-oublie\/#primaryimage"},"thumbnailUrl":"https:\/\/www.theapaafrica.org\/wp-content\/plugins\/wpforms\/assets\/images\/submit-spin.svg","datePublished":"2025-10-07T07:52:53+00:00","dateModified":"2025-10-07T08:05:13+00:00","description":"Les partenaires responsables de l'Afrique - The Pan-African Implementing Agency Building Trust, Accountability, and Impact.","breadcrumb":{"@id":"https:\/\/www.theapaafrica.org\/fr\/mot-de-passe-oublie\/#breadcrumb"},"inLanguage":"fr-FR","potentialAction":[{"@type":"ReadAction","target":["https:\/\/www.theapaafrica.org\/fr\/mot-de-passe-oublie\/"]}]},{"@type":"ImageObject","inLanguage":"fr-FR","@id":"https:\/\/www.theapaafrica.org\/fr\/mot-de-passe-oublie\/#primaryimage","url":"https:\/\/www.theapaafrica.org\/wp-content\/plugins\/wpforms\/assets\/images\/submit-spin.svg","contentUrl":"https:\/\/www.theapaafrica.org\/wp-content\/plugins\/wpforms\/assets\/images\/submit-spin.svg"},{"@type":"BreadcrumbList","@id":"https:\/\/www.theapaafrica.org\/fr\/mot-de-passe-oublie\/#breadcrumb","itemListElement":[{"@type":"ListItem","position":1,"name":"Home","item":"https:\/\/www.theapaafrica.org\/fr\/accueil-du-pole-numerique\/"},{"@type":"ListItem","position":2,"name":"Mot de passe oubli\u00e9"}]},{"@type":"WebSite","@id":"https:\/\/www.theapaafrica.org\/fr\/#website","url":"https:\/\/www.theapaafrica.org\/fr\/","name":"The Accountable Partners for Africa","description":"Instaurer la confiance, la responsabilit\u00e9 et l'impact","publisher":{"@id":"https:\/\/www.theapaafrica.org\/fr\/#organization"},"potentialAction":[{"@type":"SearchAction","target":{"@type":"EntryPoint","urlTemplate":"https:\/\/www.theapaafrica.org\/fr\/?s={search_term_string}"},"query-input":{"@type":"PropertyValueSpecification","valueRequired":true,"valueName":"search_term_string"}}],"inLanguage":"fr-FR"},{"@type":"Organization","@id":"https:\/\/www.theapaafrica.org\/fr\/#organization","name":"The Accountable Partners for Africa","url":"https:\/\/www.theapaafrica.org\/fr\/","logo":{"@type":"ImageObject","inLanguage":"fr-FR","@id":"https:\/\/www.theapaafrica.org\/fr\/#\/schema\/logo\/image\/","url":"https:\/\/www.theapaafrica.org\/wp-content\/uploads\/APA-logo-300x71-2.png","contentUrl":"https:\/\/www.theapaafrica.org\/wp-content\/uploads\/APA-logo-300x71-2.png","width":300,"height":71,"caption":"The Accountable Partners for Africa"},"image":{"@id":"https:\/\/www.theapaafrica.org\/fr\/#\/schema\/logo\/image\/"},"sameAs":["https:\/\/x.com\/apaafrica","https:\/\/www.linkedin.com\/in\/accountable-partnerships-for-africa-apa-ab5831350\/","https:\/\/www.instagram.com\/apaafrica?igsh=bTJ6cm9qMm1oYmtp&utm_source=qr"]}]}},"_links":{"self":[{"href":"https:\/\/www.theapaafrica.org\/fr\/wp-json\/wp\/v2\/pages\/2266","targetHints":{"allow":["GET"]}}],"collection":[{"href":"https:\/\/www.theapaafrica.org\/fr\/wp-json\/wp\/v2\/pages"}],"about":[{"href":"https:\/\/www.theapaafrica.org\/fr\/wp-json\/wp\/v2\/types\/page"}],"author":[{"embeddable":true,"href":"https:\/\/www.theapaafrica.org\/fr\/wp-json\/wp\/v2\/users\/2"}],"replies":[{"embeddable":true,"href":"https:\/\/www.theapaafrica.org\/fr\/wp-json\/wp\/v2\/comments?post=2266"}],"version-history":[{"count":1,"href":"https:\/\/www.theapaafrica.org\/fr\/wp-json\/wp\/v2\/pages\/2266\/revisions"}],"predecessor-version":[{"id":2267,"href":"https:\/\/www.theapaafrica.org\/fr\/wp-json\/wp\/v2\/pages\/2266\/revisions\/2267"}],"wp:attachment":[{"href":"https:\/\/www.theapaafrica.org\/fr\/wp-json\/wp\/v2\/media?parent=2266"}],"curies":[{"name":"wp","href":"https:\/\/api.w.org\/{rel}","templated":true}]}}